{"id":14,"date":"2016-11-29T13:15:59","date_gmt":"2016-11-29T13:15:59","guid":{"rendered":"http:\/\/localhost\/cacao\/wordpress\/?page_id=14"},"modified":"2025-01-10T09:03:01","modified_gmt":"2025-01-10T13:03:01","slug":"chocolate-lovers","status":"publish","type":"page","link":"https:\/\/cacaotour.com\/es\/el-sendero-del-cacao\/chocolate-lovers\/","title":{"rendered":"Amantes del Chocolate"},"content":{"rendered":"<p><span class=\"s1\">Si eres un amante del chocolate, opta por nuestra excursi\u00f3n m\u00e1s completa. Incluye actividades especiales y mucha m\u00e1s informaci\u00f3n. En el<b> Tour Cl\u00e1sico<\/b> recibir\u00e1s clases te\u00f3ricas y pr\u00e1cticas sobre el cultivo y la separaci\u00f3n de las mazorcas de cacao. Tambi\u00e9n tendr\u00e1s la oportunidad de conocer la manera tradicional de hacer chocolate. \u00a1Acompa\u00f1a a nuestros agricultores en sus cantos y bailes!<\/span><\/p>\n<p class=\"p1\"><span class=\"s1\">Tras una deliciosa comida criolla, aprender\u00e1s a degustar el chocolate con los cinco sentidos. Para finalizar, en las clases magistrales se profundizar\u00e1 en los procesos de fermentaci\u00f3n y secado, as\u00ed como su importancia en la producci\u00f3n del chocolate gourmet.<br \/>\n<\/span><\/p>\n<h3 class=\"p1\"><span class=\"s1\"><strong>Incluye:<\/strong><\/span><\/h3>\n<ul>\n<li class=\"li2\"><span class=\"s1\">Bienvenida con una deliciosa tasa de chocolate caliente<\/span><\/li>\n<li class=\"li2\"><span class=\"s1\">Recorre nuestra plantaci\u00f3n de cacao org\u00e1nico y conoce todos los secretos que se esconden detr\u00e1s de un chocolate de calidad<\/span><\/li>\n<li class=\"li2\"><span class=\"s1\">Sigue tu olfato hasta nuestra factor\u00eda de chocolate donde aprender\u00e1s el proceso final para la realizaci\u00f3n de un exquisito chocolate.<\/span><\/li>\n<li class=\"li2\"><span class=\"s1\">Disfruta de un t\u00edpico almuerzo<\/span><\/li>\n<li class=\"li2\"><span class=\"s1\">Aprende como degustar el chocolate con los 5 sentidos<\/span><\/li>\n<li class=\"li2\"><span class=\"s1\">Crea tu propio molde de chocolate.<\/span><\/li>\n<\/ul>\n<h3 class=\"p5\"><strong><span class=\"s1\">Disponible<\/span><\/strong><\/h3>\n<ul>\n<li class=\"li6\">Disfruta de un T\u00edpico Almuerzo<\/li>\n<li class=\"li6\"><span class=\"s1\">Transporte disponible (m\u00ednimo 2 personas)<\/span><\/li>\n<\/ul>\n<p>&nbsp;<\/p>\n<p>*Reservaci\u00f3n previa requerida<\/p>","protected":false},"excerpt":{"rendered":"<p>Si eres un amante del chocolate, opta por nuestra excursi\u00f3n m\u00e1s completa. Incluye actividades especiales y mucha m\u00e1s informaci\u00f3n. En el Tour Cl\u00e1sico recibir\u00e1s clases te\u00f3ricas y pr\u00e1cticas sobre el cultivo y la separaci\u00f3n de las mazorcas de cacao. Tambi\u00e9n tendr\u00e1s la oportunidad de conocer la manera tradicional de hacer chocolate. \u00a1Acompa\u00f1a a nuestros agricultores [&hellip;]<\/p>\n","protected":false},"author":1,"featured_media":169,"parent":6,"menu_order":0,"comment_status":"closed","ping_status":"closed","template":"page-tour.php","meta":{"footnotes":""},"class_list":["post-14","page","type-page","status-publish","has-post-thumbnail","hentry"],"_links":{"self":[{"href":"https:\/\/cacaotour.com\/es\/wp-json\/wp\/v2\/pages\/14","targetHints":{"allow":["GET"]}}],"collection":[{"href":"https:\/\/cacaotour.com\/es\/wp-json\/wp\/v2\/pages"}],"about":[{"href":"https:\/\/cacaotour.com\/es\/wp-json\/wp\/v2\/types\/page"}],"author":[{"embeddable":true,"href":"https:\/\/cacaotour.com\/es\/wp-json\/wp\/v2\/users\/1"}],"replies":[{"embeddable":true,"href":"https:\/\/cacaotour.com\/es\/wp-json\/wp\/v2\/comments?post=14"}],"version-history":[{"count":35,"href":"https:\/\/cacaotour.com\/es\/wp-json\/wp\/v2\/pages\/14\/revisions"}],"predecessor-version":[{"id":947,"href":"https:\/\/cacaotour.com\/es\/wp-json\/wp\/v2\/pages\/14\/revisions\/947"}],"up":[{"embeddable":true,"href":"https:\/\/cacaotour.com\/es\/wp-json\/wp\/v2\/pages\/6"}],"wp:featuredmedia":[{"embeddable":true,"href":"https:\/\/cacaotour.com\/es\/wp-json\/wp\/v2\/media\/169"}],"wp:attachment":[{"href":"https:\/\/cacaotour.com\/es\/wp-json\/wp\/v2\/media?parent=14"}],"curies":[{"name":"wp","href":"https:\/\/api.w.org\/{rel}","templated":true}]}}