{"id":16,"date":"2016-11-29T13:16:15","date_gmt":"2016-11-29T13:16:15","guid":{"rendered":"http:\/\/localhost\/cacao\/wordpress\/?page_id=16"},"modified":"2025-01-10T09:01:00","modified_gmt":"2025-01-10T13:01:00","slug":"chocolate-and-culture","status":"publish","type":"page","link":"https:\/\/cacaotour.com\/es\/el-sendero-del-cacao\/chocolate-and-culture\/","title":{"rendered":"Chocolate y Cultura"},"content":{"rendered":"<p><\/p>\n<p class=\"p1\"><span class=\"s1\">Primero, disfruta de media jornada con nuestros expertos del <b>Tour Cl\u00e1sico.<\/b> Te lo ense\u00f1ar\u00e1n todo sobre los or\u00edgenes del cacao, su transformaci\u00f3n en chocolate y lo que hace especial a un producto como el chocolate gourmet. <\/span><\/p>\n<p class=\"p1\"><span class=\"s1\">El viaje contin\u00faa por la provincia Hermanas Mirabal, donde nuestro gu\u00eda local te llevar\u00e1 a visitar los preciosos murales de artistas locales y extranjeros que decoran sus calles. El recorrido finaliza en el Museo de las Hermanas Mirabal, donde te empapar\u00e1s de la historia de Rep\u00fablica Dominicana. <\/span><\/p>\n<h3 class=\"p1\"><strong><span class=\"s1\">Incluye: <\/span><\/strong><\/h3>\n<ul>\n<li class=\"li3\"><span class=\"s1\">Transporte desde Santo Domingo hasta San Francisco de Macor\u00eds<\/span><\/li>\n<li class=\"li3\"><span class=\"s1\">Bienvenida con una deliciosa tasa de chocolate caliente<\/span><\/li>\n<li class=\"li3\"><span class=\"s1\">Recorre nuestra plantaci\u00f3n de cacao org\u00e1nico y conoce todos los secretos que se esconden detr\u00e1s de un chocolate de calidad<\/span><\/li>\n<li class=\"li3\"><span class=\"s1\">Sigue tu olfato hasta nuestra factor\u00eda de chocolate donde aprender\u00e1s el proceso final para la realizaci\u00f3n de un exquisito chocolate.<\/span><\/li>\n<li class=\"li3\"><span class=\"s1\">Disfruta de un t\u00edpico almuerzo<\/span><\/li>\n<li class=\"li3\"><span class=\"s1\">Aprende parte de nuestra historia en el Museo Hermanas Mirabal<\/span><\/li>\n<\/ul>\n<p>&nbsp;<\/p>\n<p>*Reservaci\u00f3n previa requerida<\/p>","protected":false},"excerpt":{"rendered":"<p>Primero, disfruta de media jornada con nuestros expertos del Tour Cl\u00e1sico. Te lo ense\u00f1ar\u00e1n todo sobre los or\u00edgenes del cacao, su transformaci\u00f3n en chocolate y lo que hace especial a un producto como el chocolate gourmet. El viaje contin\u00faa por la provincia Hermanas Mirabal, donde nuestro gu\u00eda local te llevar\u00e1 a visitar los preciosos murales [&hellip;]<\/p>\n","protected":false},"author":1,"featured_media":169,"parent":6,"menu_order":0,"comment_status":"closed","ping_status":"closed","template":"page-tour.php","meta":{"footnotes":""},"class_list":["post-16","page","type-page","status-publish","has-post-thumbnail","hentry"],"_links":{"self":[{"href":"https:\/\/cacaotour.com\/es\/wp-json\/wp\/v2\/pages\/16","targetHints":{"allow":["GET"]}}],"collection":[{"href":"https:\/\/cacaotour.com\/es\/wp-json\/wp\/v2\/pages"}],"about":[{"href":"https:\/\/cacaotour.com\/es\/wp-json\/wp\/v2\/types\/page"}],"author":[{"embeddable":true,"href":"https:\/\/cacaotour.com\/es\/wp-json\/wp\/v2\/users\/1"}],"replies":[{"embeddable":true,"href":"https:\/\/cacaotour.com\/es\/wp-json\/wp\/v2\/comments?post=16"}],"version-history":[{"count":30,"href":"https:\/\/cacaotour.com\/es\/wp-json\/wp\/v2\/pages\/16\/revisions"}],"predecessor-version":[{"id":944,"href":"https:\/\/cacaotour.com\/es\/wp-json\/wp\/v2\/pages\/16\/revisions\/944"}],"up":[{"embeddable":true,"href":"https:\/\/cacaotour.com\/es\/wp-json\/wp\/v2\/pages\/6"}],"wp:featuredmedia":[{"embeddable":true,"href":"https:\/\/cacaotour.com\/es\/wp-json\/wp\/v2\/media\/169"}],"wp:attachment":[{"href":"https:\/\/cacaotour.com\/es\/wp-json\/wp\/v2\/media?parent=16"}],"curies":[{"name":"wp","href":"https:\/\/api.w.org\/{rel}","templated":true}]}}