{"id":273,"date":"2017-01-17T00:05:26","date_gmt":"2017-01-17T00:05:26","guid":{"rendered":"http:\/\/elsenderodelcacaord.com\/pre\/?page_id=273"},"modified":"2021-03-11T12:09:02","modified_gmt":"2021-03-11T16:09:02","slug":"chocolate-classes","status":"publish","type":"page","link":"https:\/\/cacaotour.com\/es\/kah-kow-tours\/chocolate-classes\/","title":{"rendered":"CLASES DE CHOCOLATE"},"content":{"rendered":"<p><\/p>\n<p class=\"p1\"><span class=\"s1\"><strong>Clases de chocolate:<\/strong> Endulza un poco m\u00e1s tu experiencia. Aqu\u00ed estaremos para ense\u00f1arte c\u00f3mo hacer tus propios bombones, trufas, pasteles, galletas y otros dulces con chocolate.<span class=\"Apple-converted-space\">\u00a0 <\/span>Las clases est\u00e1n sujetas a nuestro programa.<\/span><\/p>\n<p><\/p>","protected":false},"excerpt":{"rendered":"<p>Clases de chocolate: Endulza un poco m\u00e1s tu experiencia. Aqu\u00ed estaremos para ense\u00f1arte c\u00f3mo hacer tus propios bombones, trufas, pasteles, galletas y otros dulces con chocolate.\u00a0 Las clases est\u00e1n sujetas a nuestro programa.<\/p>\n","protected":false},"author":3,"featured_media":173,"parent":254,"menu_order":0,"comment_status":"closed","ping_status":"closed","template":"page-tour.php","meta":{"footnotes":""},"class_list":["post-273","page","type-page","status-publish","has-post-thumbnail","hentry"],"_links":{"self":[{"href":"https:\/\/cacaotour.com\/es\/wp-json\/wp\/v2\/pages\/273","targetHints":{"allow":["GET"]}}],"collection":[{"href":"https:\/\/cacaotour.com\/es\/wp-json\/wp\/v2\/pages"}],"about":[{"href":"https:\/\/cacaotour.com\/es\/wp-json\/wp\/v2\/types\/page"}],"author":[{"embeddable":true,"href":"https:\/\/cacaotour.com\/es\/wp-json\/wp\/v2\/users\/3"}],"replies":[{"embeddable":true,"href":"https:\/\/cacaotour.com\/es\/wp-json\/wp\/v2\/comments?post=273"}],"version-history":[{"count":12,"href":"https:\/\/cacaotour.com\/es\/wp-json\/wp\/v2\/pages\/273\/revisions"}],"predecessor-version":[{"id":901,"href":"https:\/\/cacaotour.com\/es\/wp-json\/wp\/v2\/pages\/273\/revisions\/901"}],"up":[{"embeddable":true,"href":"https:\/\/cacaotour.com\/es\/wp-json\/wp\/v2\/pages\/254"}],"wp:featuredmedia":[{"embeddable":true,"href":"https:\/\/cacaotour.com\/es\/wp-json\/wp\/v2\/media\/173"}],"wp:attachment":[{"href":"https:\/\/cacaotour.com\/es\/wp-json\/wp\/v2\/media?parent=273"}],"curies":[{"name":"wp","href":"https:\/\/api.w.org\/{rel}","templated":true}]}}