{"id":6,"date":"2016-11-29T13:15:27","date_gmt":"2016-11-29T13:15:27","guid":{"rendered":"http:\/\/localhost\/cacao\/wordpress\/?page_id=6"},"modified":"2018-09-21T12:31:21","modified_gmt":"2018-09-21T16:31:21","slug":"el-sendero-del-cacao","status":"publish","type":"page","link":"https:\/\/cacaotour.com\/es\/el-sendero-del-cacao\/","title":{"rendered":"M\u00e1s de 50,000 \u263a visitas desde 2008"},"content":{"rendered":"<p><\/p>\n<div>\n<p style=\"text-align: center;\">Disfruta de una divertida excursi\u00f3n de cacao y chocolate dominicano en nuestra Hacienda La Esmeralda. Desde el a\u00f1o 2008, hemos recibido visitantes de todas partes del mundo que les gusta aprender y compartir nuestra pasi\u00f3n por el cacao y el chocolate.<\/p>\n<\/div>\n<p><\/p>","protected":false},"excerpt":{"rendered":"<p>Disfruta de una divertida excursi\u00f3n de cacao y chocolate dominicano en nuestra Hacienda La Esmeralda. Desde el a\u00f1o 2008, hemos recibido visitantes de todas partes del mundo que les gusta aprender y compartir nuestra pasi\u00f3n por el cacao y el chocolate.<\/p>\n","protected":false},"author":1,"featured_media":169,"parent":0,"menu_order":0,"comment_status":"closed","ping_status":"closed","template":"page-all-tours.php","meta":{"footnotes":""},"class_list":["post-6","page","type-page","status-publish","has-post-thumbnail","hentry"],"_links":{"self":[{"href":"https:\/\/cacaotour.com\/es\/wp-json\/wp\/v2\/pages\/6","targetHints":{"allow":["GET"]}}],"collection":[{"href":"https:\/\/cacaotour.com\/es\/wp-json\/wp\/v2\/pages"}],"about":[{"href":"https:\/\/cacaotour.com\/es\/wp-json\/wp\/v2\/types\/page"}],"author":[{"embeddable":true,"href":"https:\/\/cacaotour.com\/es\/wp-json\/wp\/v2\/users\/1"}],"replies":[{"embeddable":true,"href":"https:\/\/cacaotour.com\/es\/wp-json\/wp\/v2\/comments?post=6"}],"version-history":[{"count":49,"href":"https:\/\/cacaotour.com\/es\/wp-json\/wp\/v2\/pages\/6\/revisions"}],"predecessor-version":[{"id":815,"href":"https:\/\/cacaotour.com\/es\/wp-json\/wp\/v2\/pages\/6\/revisions\/815"}],"wp:featuredmedia":[{"embeddable":true,"href":"https:\/\/cacaotour.com\/es\/wp-json\/wp\/v2\/media\/169"}],"wp:attachment":[{"href":"https:\/\/cacaotour.com\/es\/wp-json\/wp\/v2\/media?parent=6"}],"curies":[{"name":"wp","href":"https:\/\/api.w.org\/{rel}","templated":true}]}}